{"id":193,"date":"2025-01-10T22:04:48","date_gmt":"2025-01-10T22:04:48","guid":{"rendered":"https:\/\/suenoskc.com\/staging\/3599\/?page_id=193"},"modified":"2025-06-03T23:31:03","modified_gmt":"2025-06-03T23:31:03","slug":"about-us","status":"publish","type":"page","link":"https:\/\/suenoskc.com\/staging\/3599\/es\/about-us\/","title":{"rendered":"Sobre Nosotros"},"content":{"rendered":"<div class=\"container wp-block-columns is-layout-flex wp-container-core-columns-is-layout-9d6595d7 wp-block-columns-is-layout-flex\">\n<div class=\"offerings wp-block-column is-vertically-aligned-center is-layout-flow wp-block-column-is-layout-flow\">\n<h4 class=\"lb-color wp-block-heading has-text-color has-link-color wp-elements-2d8c2ae57cb5af679c458e4c0e8774ae\" style=\"color:#10acf2\">Fundada por Latinas<\/h4>\n\n\n\n<h2 class=\"bot-margin wp-block-heading\">Creando Espacio para que Tu Historia Brille<\/h2>\n\n\n\n<p class=\"\">Sue\u00f1os KC, un estudio de dise\u00f1o web liderado por dos hermanas Latinas, naci\u00f3 de una visi\u00f3n compartida: impulsar el \u00e9xito digital de nuestra comunidad. Con m\u00e1s de 6 a\u00f1os de experiencia en el sector y la convicci\u00f3n de la importancia de la representaci\u00f3n aut\u00e9ntica, decidimos establecer nuestra propia marca.<\/p>\n\n\n\n<p class=\"\">En nuestra calidad de desarrolladoras web biling\u00fces, creamos sitios funcionales y est\u00e9ticos que establecen conexiones aut\u00e9nticas con tu p\u00fablico. Nuestro compromiso es impulsar el \u00e9xito de las empresas locales; no importa si est\u00e1s en la fase inicial o deseas actualizar tu presencia digital, te ayudamos a materializar tus objetivos.<\/p>\n\n\n\n<p class=\"\">Hagamos tus sue\u00f1os realidad, un sitio web a la vez.<\/p>\n<\/div>\n\n\n\n<div class=\"wp-block-column is-layout-flow wp-block-column-is-layout-flow\">\n<figure class=\"wp-block-image size-large\"><img data-recalc-dims=\"1\" loading=\"lazy\" decoding=\"async\" width=\"640\" height=\"640\" src=\"https:\/\/i0.wp.com\/suenoskc.com\/staging\/3599\/wp-content\/uploads\/2025\/04\/team.png?resize=640%2C640&#038;ssl=1\" alt=\"\" class=\"wp-image-715\" srcset=\"https:\/\/i0.wp.com\/suenoskc.com\/staging\/3599\/wp-content\/uploads\/2025\/04\/team.png?resize=1024%2C1024&amp;ssl=1 1024w, https:\/\/i0.wp.com\/suenoskc.com\/staging\/3599\/wp-content\/uploads\/2025\/04\/team.png?resize=300%2C300&amp;ssl=1 300w, https:\/\/i0.wp.com\/suenoskc.com\/staging\/3599\/wp-content\/uploads\/2025\/04\/team.png?resize=150%2C150&amp;ssl=1 150w, https:\/\/i0.wp.com\/suenoskc.com\/staging\/3599\/wp-content\/uploads\/2025\/04\/team.png?resize=768%2C768&amp;ssl=1 768w, https:\/\/i0.wp.com\/suenoskc.com\/staging\/3599\/wp-content\/uploads\/2025\/04\/team.png?resize=1536%2C1536&amp;ssl=1 1536w, https:\/\/i0.wp.com\/suenoskc.com\/staging\/3599\/wp-content\/uploads\/2025\/04\/team.png?w=2000&amp;ssl=1 2000w, https:\/\/i0.wp.com\/suenoskc.com\/staging\/3599\/wp-content\/uploads\/2025\/04\/team.png?w=1280&amp;ssl=1 1280w, https:\/\/i0.wp.com\/suenoskc.com\/staging\/3599\/wp-content\/uploads\/2025\/04\/team.png?w=1920&amp;ssl=1 1920w\" sizes=\"auto, (max-width: 640px) 100vw, 640px\" \/><\/figure>\n<\/div>\n<\/div>","protected":false},"excerpt":{"rendered":"<p>Proudly Latina Owned Creating Space for Your Story to Shine Sue\u00f1os KC is a Latina owned web design studio founded by two sisters with a shared passion, helping our community succeed online. With over 6 years of combined industry experience and a deep understanding of the need for authentic representation, we knew it was time [&hellip;]<\/p>\n","protected":false},"author":3,"featured_media":0,"parent":0,"menu_order":0,"comment_status":"closed","ping_status":"closed","template":"","meta":{"_acf_changed":false,"nf_dc_page":"","_monsterinsights_skip_tracking":false,"_monsterinsights_sitenote_active":false,"_monsterinsights_sitenote_note":"","_monsterinsights_sitenote_category":0,"footnotes":""},"class_list":["post-193","page","type-page","status-publish","hentry"],"acf":[],"yoast_head":"<!-- This site is optimized with the Yoast SEO plugin v27.5 - https:\/\/yoast.com\/product\/yoast-seo-wordpress\/ -->\n<title>About Us - Sue\u00f1os KC<\/title>\n<meta name=\"description\" content=\"Discover the team behind Sue\u00f1os KC! As bilingual web developers in Kansas City, we specialize in creating custom, budget-friendly websites that help diverse small businesses thrive online.\" \/>\n<meta name=\"robots\" content=\"index, follow, max-snippet:-1, max-image-preview:large, max-video-preview:-1\" \/>\n<link rel=\"canonical\" href=\"https:\/\/suenoskc.com\/staging\/3599\/es\/about-us\/\" \/>\n<meta property=\"og:locale\" content=\"es_MX\" \/>\n<meta property=\"og:type\" content=\"article\" \/>\n<meta property=\"og:title\" content=\"About Us - Sue\u00f1os KC\" \/>\n<meta property=\"og:description\" content=\"Discover the team behind Sue\u00f1os KC! As bilingual web developers in Kansas City, we specialize in creating custom, budget-friendly websites that help diverse small businesses thrive online.\" \/>\n<meta property=\"og:url\" content=\"https:\/\/suenoskc.com\/staging\/3599\/es\/about-us\/\" \/>\n<meta property=\"og:site_name\" content=\"Sue\u00f1os KC\" \/>\n<meta property=\"article:modified_time\" content=\"2025-06-03T23:31:03+00:00\" \/>\n<meta property=\"og:image\" content=\"https:\/\/suenoskc.com\/wp-content\/uploads\/2025\/04\/team-1024x1024.png\" \/>\n<meta name=\"twitter:card\" content=\"summary_large_image\" \/>\n<meta name=\"twitter:label1\" content=\"Tiempo de lectura\" \/>\n\t<meta name=\"twitter:data1\" content=\"1 minuto\" \/>\n<script type=\"application\/ld+json\" class=\"yoast-schema-graph\">{\"@context\":\"https:\\\/\\\/schema.org\",\"@graph\":[{\"@type\":\"WebPage\",\"@id\":\"https:\\\/\\\/suenoskc.com\\\/about-us\\\/\",\"url\":\"https:\\\/\\\/suenoskc.com\\\/about-us\\\/\",\"name\":\"About Us - Sue\u00f1os KC\",\"isPartOf\":{\"@id\":\"https:\\\/\\\/suenoskc.com\\\/#website\"},\"primaryImageOfPage\":{\"@id\":\"https:\\\/\\\/suenoskc.com\\\/about-us\\\/#primaryimage\"},\"image\":{\"@id\":\"https:\\\/\\\/suenoskc.com\\\/about-us\\\/#primaryimage\"},\"thumbnailUrl\":\"https:\\\/\\\/suenoskc.com\\\/staging\\\/3599\\\/wp-content\\\/uploads\\\/2025\\\/04\\\/team-1024x1024.png\",\"datePublished\":\"2025-01-10T22:04:48+00:00\",\"dateModified\":\"2025-06-03T23:31:03+00:00\",\"description\":\"Discover the team behind Sue\u00f1os KC! As bilingual web developers in Kansas City, we specialize in creating custom, budget-friendly websites that help diverse small businesses thrive online.\",\"breadcrumb\":{\"@id\":\"https:\\\/\\\/suenoskc.com\\\/about-us\\\/#breadcrumb\"},\"inLanguage\":\"es\",\"potentialAction\":[{\"@type\":\"ReadAction\",\"target\":[\"https:\\\/\\\/suenoskc.com\\\/about-us\\\/\"]}]},{\"@type\":\"ImageObject\",\"inLanguage\":\"es\",\"@id\":\"https:\\\/\\\/suenoskc.com\\\/about-us\\\/#primaryimage\",\"url\":\"https:\\\/\\\/suenoskc.com\\\/staging\\\/3599\\\/wp-content\\\/uploads\\\/2025\\\/04\\\/team-1024x1024.png\",\"contentUrl\":\"https:\\\/\\\/suenoskc.com\\\/staging\\\/3599\\\/wp-content\\\/uploads\\\/2025\\\/04\\\/team-1024x1024.png\"},{\"@type\":\"BreadcrumbList\",\"@id\":\"https:\\\/\\\/suenoskc.com\\\/about-us\\\/#breadcrumb\",\"itemListElement\":[{\"@type\":\"ListItem\",\"position\":1,\"name\":\"Home\",\"item\":\"https:\\\/\\\/suenoskc.com\\\/\"},{\"@type\":\"ListItem\",\"position\":2,\"name\":\"About Us\"}]},{\"@type\":\"WebSite\",\"@id\":\"https:\\\/\\\/suenoskc.com\\\/#website\",\"url\":\"https:\\\/\\\/suenoskc.com\\\/\",\"name\":\"Sue\u00f1os KC\",\"description\":\"\",\"publisher\":{\"@id\":\"https:\\\/\\\/suenoskc.com\\\/#organization\"},\"potentialAction\":[{\"@type\":\"SearchAction\",\"target\":{\"@type\":\"EntryPoint\",\"urlTemplate\":\"https:\\\/\\\/suenoskc.com\\\/?s={search_term_string}\"},\"query-input\":{\"@type\":\"PropertyValueSpecification\",\"valueRequired\":true,\"valueName\":\"search_term_string\"}}],\"inLanguage\":\"es\"},{\"@type\":\"Organization\",\"@id\":\"https:\\\/\\\/suenoskc.com\\\/#organization\",\"name\":\"Sue\u00f1os KC\",\"url\":\"https:\\\/\\\/suenoskc.com\\\/\",\"logo\":{\"@type\":\"ImageObject\",\"inLanguage\":\"es\",\"@id\":\"https:\\\/\\\/suenoskc.com\\\/#\\\/schema\\\/logo\\\/image\\\/\",\"url\":\"https:\\\/\\\/suenoskc.com\\\/staging\\\/3599\\\/wp-content\\\/uploads\\\/2024\\\/11\\\/skc_logo_vertical.png\",\"contentUrl\":\"https:\\\/\\\/suenoskc.com\\\/staging\\\/3599\\\/wp-content\\\/uploads\\\/2024\\\/11\\\/skc_logo_vertical.png\",\"width\":3344,\"height\":2624,\"caption\":\"Sue\u00f1os KC\"},\"image\":{\"@id\":\"https:\\\/\\\/suenoskc.com\\\/#\\\/schema\\\/logo\\\/image\\\/\"}}]}<\/script>\n<!-- \/ Yoast SEO plugin. -->","yoast_head_json":{"title":"About Us - Sue\u00f1os KC","description":"Discover the team behind Sue\u00f1os KC! As bilingual web developers in Kansas City, we specialize in creating custom, budget-friendly websites that help diverse small businesses thrive online.","robots":{"index":"index","follow":"follow","max-snippet":"max-snippet:-1","max-image-preview":"max-image-preview:large","max-video-preview":"max-video-preview:-1"},"canonical":"https:\/\/suenoskc.com\/staging\/3599\/es\/about-us\/","og_locale":"es_MX","og_type":"article","og_title":"About Us - Sue\u00f1os KC","og_description":"Discover the team behind Sue\u00f1os KC! As bilingual web developers in Kansas City, we specialize in creating custom, budget-friendly websites that help diverse small businesses thrive online.","og_url":"https:\/\/suenoskc.com\/staging\/3599\/es\/about-us\/","og_site_name":"Sue\u00f1os KC","article_modified_time":"2025-06-03T23:31:03+00:00","og_image":[{"url":"https:\/\/suenoskc.com\/wp-content\/uploads\/2025\/04\/team-1024x1024.png","type":"","width":"","height":""}],"twitter_card":"summary_large_image","twitter_misc":{"Tiempo de lectura":"1 minuto"},"schema":{"@context":"https:\/\/schema.org","@graph":[{"@type":"WebPage","@id":"https:\/\/suenoskc.com\/about-us\/","url":"https:\/\/suenoskc.com\/about-us\/","name":"About Us - Sue\u00f1os KC","isPartOf":{"@id":"https:\/\/suenoskc.com\/#website"},"primaryImageOfPage":{"@id":"https:\/\/suenoskc.com\/about-us\/#primaryimage"},"image":{"@id":"https:\/\/suenoskc.com\/about-us\/#primaryimage"},"thumbnailUrl":"https:\/\/suenoskc.com\/staging\/3599\/wp-content\/uploads\/2025\/04\/team-1024x1024.png","datePublished":"2025-01-10T22:04:48+00:00","dateModified":"2025-06-03T23:31:03+00:00","description":"Discover the team behind Sue\u00f1os KC! As bilingual web developers in Kansas City, we specialize in creating custom, budget-friendly websites that help diverse small businesses thrive online.","breadcrumb":{"@id":"https:\/\/suenoskc.com\/about-us\/#breadcrumb"},"inLanguage":"es","potentialAction":[{"@type":"ReadAction","target":["https:\/\/suenoskc.com\/about-us\/"]}]},{"@type":"ImageObject","inLanguage":"es","@id":"https:\/\/suenoskc.com\/about-us\/#primaryimage","url":"https:\/\/suenoskc.com\/staging\/3599\/wp-content\/uploads\/2025\/04\/team-1024x1024.png","contentUrl":"https:\/\/suenoskc.com\/staging\/3599\/wp-content\/uploads\/2025\/04\/team-1024x1024.png"},{"@type":"BreadcrumbList","@id":"https:\/\/suenoskc.com\/about-us\/#breadcrumb","itemListElement":[{"@type":"ListItem","position":1,"name":"Home","item":"https:\/\/suenoskc.com\/"},{"@type":"ListItem","position":2,"name":"About Us"}]},{"@type":"WebSite","@id":"https:\/\/suenoskc.com\/#website","url":"https:\/\/suenoskc.com\/","name":"Sue\u00f1os KC","description":"","publisher":{"@id":"https:\/\/suenoskc.com\/#organization"},"potentialAction":[{"@type":"SearchAction","target":{"@type":"EntryPoint","urlTemplate":"https:\/\/suenoskc.com\/?s={search_term_string}"},"query-input":{"@type":"PropertyValueSpecification","valueRequired":true,"valueName":"search_term_string"}}],"inLanguage":"es"},{"@type":"Organization","@id":"https:\/\/suenoskc.com\/#organization","name":"Sue\u00f1os KC","url":"https:\/\/suenoskc.com\/","logo":{"@type":"ImageObject","inLanguage":"es","@id":"https:\/\/suenoskc.com\/#\/schema\/logo\/image\/","url":"https:\/\/suenoskc.com\/staging\/3599\/wp-content\/uploads\/2024\/11\/skc_logo_vertical.png","contentUrl":"https:\/\/suenoskc.com\/staging\/3599\/wp-content\/uploads\/2024\/11\/skc_logo_vertical.png","width":3344,"height":2624,"caption":"Sue\u00f1os KC"},"image":{"@id":"https:\/\/suenoskc.com\/#\/schema\/logo\/image\/"}}]}},"jetpack_sharing_enabled":true,"_links":{"self":[{"href":"https:\/\/suenoskc.com\/staging\/3599\/es\/wp-json\/wp\/v2\/pages\/193","targetHints":{"allow":["GET"]}}],"collection":[{"href":"https:\/\/suenoskc.com\/staging\/3599\/es\/wp-json\/wp\/v2\/pages"}],"about":[{"href":"https:\/\/suenoskc.com\/staging\/3599\/es\/wp-json\/wp\/v2\/types\/page"}],"author":[{"embeddable":true,"href":"https:\/\/suenoskc.com\/staging\/3599\/es\/wp-json\/wp\/v2\/users\/3"}],"replies":[{"embeddable":true,"href":"https:\/\/suenoskc.com\/staging\/3599\/es\/wp-json\/wp\/v2\/comments?post=193"}],"version-history":[{"count":29,"href":"https:\/\/suenoskc.com\/staging\/3599\/es\/wp-json\/wp\/v2\/pages\/193\/revisions"}],"predecessor-version":[{"id":748,"href":"https:\/\/suenoskc.com\/staging\/3599\/es\/wp-json\/wp\/v2\/pages\/193\/revisions\/748"}],"wp:attachment":[{"href":"https:\/\/suenoskc.com\/staging\/3599\/es\/wp-json\/wp\/v2\/media?parent=193"}],"curies":[{"name":"wp","href":"https:\/\/api.w.org\/{rel}","templated":true}]}}