{"id":187,"date":"2025-01-10T21:56:47","date_gmt":"2025-01-10T21:56:47","guid":{"rendered":"https:\/\/suenoskc.com\/staging\/3599\/?page_id=187"},"modified":"2025-10-15T02:02:23","modified_gmt":"2025-10-15T02:02:23","slug":"services","status":"publish","type":"page","link":"https:\/\/suenoskc.com\/staging\/3599\/es\/services\/","title":{"rendered":"Servicios"},"content":{"rendered":"<div class=\"wp-block-columns container is-layout-flex wp-container-core-columns-is-layout-9d6595d7 wp-block-columns-is-layout-flex\">\n<div class=\"wp-block-column is-layout-flow wp-block-column-is-layout-flow\">\n<figure class=\"wp-block-image size-large\"><img loading=\"lazy\" decoding=\"async\" width=\"2000\" height=\"2000\" src=\"https:\/\/i0.wp.com\/suenoskc.com\/staging\/3599\/wp-content\/uploads\/2025\/05\/services-development.png?fit=640%2C640&amp;ssl=1\" alt=\"\" class=\"wp-image-734\" srcset=\"https:\/\/i0.wp.com\/suenoskc.com\/staging\/3599\/wp-content\/uploads\/2025\/05\/services-development.png?w=2000&amp;ssl=1 2000w, https:\/\/i0.wp.com\/suenoskc.com\/staging\/3599\/wp-content\/uploads\/2025\/05\/services-development.png?resize=300%2C300&amp;ssl=1 300w, https:\/\/i0.wp.com\/suenoskc.com\/staging\/3599\/wp-content\/uploads\/2025\/05\/services-development.png?resize=1024%2C1024&amp;ssl=1 1024w, https:\/\/i0.wp.com\/suenoskc.com\/staging\/3599\/wp-content\/uploads\/2025\/05\/services-development.png?resize=150%2C150&amp;ssl=1 150w, https:\/\/i0.wp.com\/suenoskc.com\/staging\/3599\/wp-content\/uploads\/2025\/05\/services-development.png?resize=768%2C768&amp;ssl=1 768w, https:\/\/i0.wp.com\/suenoskc.com\/staging\/3599\/wp-content\/uploads\/2025\/05\/services-development.png?resize=1536%2C1536&amp;ssl=1 1536w, https:\/\/i0.wp.com\/suenoskc.com\/staging\/3599\/wp-content\/uploads\/2025\/05\/services-development.png?w=1280&amp;ssl=1 1280w, https:\/\/i0.wp.com\/suenoskc.com\/staging\/3599\/wp-content\/uploads\/2025\/05\/services-development.png?w=1920&amp;ssl=1 1920w\" sizes=\"auto, (max-width: 640px) 100vw, 640px\" \/><\/figure>\n<\/div>\n\n\n\n<div class=\"wp-block-column is-vertically-aligned-center is-layout-flow wp-block-column-is-layout-flow\">\n<h2 class=\"wp-block-heading bot-margin\">Construya con Seguridad, Crezca con Confianza<\/h2>\n\n\n\n<p>En <strong>Sue\u00f1os KC<\/strong>, nos dedicamos a dise\u00f1ar sitios web con prop\u00f3sito, personalidad y poder. Ya sea que est\u00e9s comenzando tu negocio desde cero o quieras darle nueva vida a tu sitio actual, te acompa\u00f1amos paso a paso para que todo sea claro, f\u00e1cil y enfocado en tus metas. No solo se trata de tener una p\u00e1gina web, sino de construir un espacio digital que crezca contigo.<\/p>\n<\/div>\n<\/div>\n\n\n\n<h2 class=\"wp-block-heading has-text-align-center all-cap mdbot-margin  lgtop-margin\">Cada Paquete Incluye:<\/h2>\n\n\n\n<div class=\"wp-block-columns container is-layout-flex wp-container-core-columns-is-layout-9d6595d7 wp-block-columns-is-layout-flex\">\n<div class=\"wp-block-column service-card is-layout-flow wp-block-column-is-layout-flow\">\n<figure class=\"wp-block-image size-full is-resized\"><img data-recalc-dims=\"1\" loading=\"lazy\" decoding=\"async\" width=\"64\" height=\"64\" src=\"https:\/\/i0.wp.com\/suenoskc.com\/staging\/3599\/wp-content\/uploads\/2025\/02\/optimization.png?resize=64%2C64&#038;ssl=1\" alt=\"\" class=\"wp-image-255\" style=\"width:87px;height:auto\"\/><\/figure>\n\n\n\n<h3 class=\"wp-block-heading smbot-margin\">Optimizaci\u00f3n M\u00f3vil<\/h3>\n\n\n\n<p>Tu sitio se ver\u00e1 y funcionar\u00e1 perfectamente en cualquier dispositivo \u2014 computadora, tableta o celular.<\/p>\n<\/div>\n\n\n\n<div class=\"wp-block-column service-card is-layout-flow wp-block-column-is-layout-flow\">\n<figure class=\"wp-block-image size-full is-resized\"><img data-recalc-dims=\"1\" loading=\"lazy\" decoding=\"async\" width=\"64\" height=\"64\" src=\"https:\/\/i0.wp.com\/suenoskc.com\/staging\/3599\/wp-content\/uploads\/2025\/02\/content.png?resize=64%2C64&#038;ssl=1\" alt=\"\" class=\"wp-image-259\" style=\"width:79px;height:auto\"\/><\/figure>\n\n\n\n<h3 class=\"wp-block-heading smbot-margin\">Accesibilidad Web<\/h3>\n\n\n\n<p>La inclusi\u00f3n importa. Aseguramos que tu sitio cumpla con los est\u00e1ndares de accesibilidad para que cualquier persona pueda usarlo.<\/p>\n<\/div>\n\n\n\n<div class=\"wp-block-column service-card is-layout-flow wp-block-column-is-layout-flow\">\n<figure class=\"wp-block-image size-full is-resized\"><img data-recalc-dims=\"1\" loading=\"lazy\" decoding=\"async\" width=\"64\" height=\"64\" src=\"https:\/\/i0.wp.com\/suenoskc.com\/staging\/3599\/wp-content\/uploads\/2025\/02\/target.png?resize=64%2C64&#038;ssl=1\" alt=\"\" class=\"wp-image-258\" style=\"width:90px;height:auto\"\/><\/figure>\n\n\n\n<h3 class=\"wp-block-heading smbot-margin\">SEO Integrado<\/h3>\n\n\n\n<p>Preparamos tu sitio para que sea m\u00e1s visible y te encuentren f\u00e1cilmente en l\u00ednea.<\/p>\n<\/div>\n<\/div>\n\n\n\n<div class=\"wp-block-columns container is-layout-flex wp-container-core-columns-is-layout-9d6595d7 wp-block-columns-is-layout-flex\">\n<div class=\"wp-block-column service-card is-layout-flow wp-block-column-is-layout-flow\">\n<figure class=\"wp-block-image size-full is-resized\"><img data-recalc-dims=\"1\" loading=\"lazy\" decoding=\"async\" width=\"64\" height=\"64\" src=\"https:\/\/i0.wp.com\/suenoskc.com\/staging\/3599\/wp-content\/uploads\/2025\/02\/link.png?resize=64%2C64&#038;ssl=1\" alt=\"\" class=\"wp-image-263\" style=\"width:63px;height:auto\"\/><\/figure>\n\n\n\n<h3 class=\"wp-block-heading smbot-margin\">Configuraci\u00f3n de Dominio<\/h3>\n\n\n\n<p>Te ayudamos a registrar tu dominio y a realizar toda la configuraci\u00f3n t\u00e9cnica.<\/p>\n<\/div>\n\n\n\n<div class=\"wp-block-column service-card is-layout-flow wp-block-column-is-layout-flow\">\n<figure class=\"wp-block-image size-full is-resized\"><img data-recalc-dims=\"1\" loading=\"lazy\" decoding=\"async\" width=\"64\" height=\"64\" src=\"https:\/\/i0.wp.com\/suenoskc.com\/staging\/3599\/wp-content\/uploads\/2025\/02\/coding.png?resize=64%2C64&#038;ssl=1\" alt=\"\" class=\"wp-image-262\" style=\"width:55px;height:auto\"\/><\/figure>\n\n\n\n<h3 class=\"wp-block-heading smbot-margin\">Pruebas de Calidad<\/h3>\n\n\n\n<p>Revisamos cada detalle antes de publicar para garantizar una experiencia impecable.<\/p>\n<\/div>\n<\/div>\n\n\n\n<div style=\"height:100px\" aria-hidden=\"true\" class=\"wp-block-spacer\"><\/div>\n\n\n\n<h2 class=\"wp-block-heading has-text-align-center all-cap lgbot-margin primary-purple\">Paquetes de Servicio<\/h2>\n\n\n\n<div class=\"wp-block-columns container offerings is-layout-flex wp-container-core-columns-is-layout-9d6595d7 wp-block-columns-is-layout-flex\">\n<div class=\"wp-block-column md-padding is-layout-flow wp-block-column-is-layout-flow\" style=\"flex-basis:40%\">\n<h2 class=\"wp-block-heading primary-purple\">Dream Site Starter<\/h2>\n\n\n\n<hr class=\"wp-block-separator has-alpha-channel-opacity styled-hr\"\/>\n<\/div>\n\n\n\n<div class=\"wp-block-column md-padding is-layout-flow wp-block-column-is-layout-flow\" style=\"flex-basis:60%\">\n<p class=\"bot-margin has-medium-font-size\">Todo gran sue\u00f1o comienza con un primer paso. Si est\u00e1s por lanzar tu negocio en l\u00ednea, nosotros te guiamos desde el inicio. Creamos sitios web que inspiran confianza, reflejan tu esencia y crecen contigo.<\/p>\n\n\n\n<div class=\"wp-block-group ss-1 is-nowrap is-layout-flex wp-container-core-group-is-layout-ad2f72ca wp-block-group-is-layout-flex\">\n<figure class=\"wp-block-image size-full is-resized\"><img data-recalc-dims=\"1\" loading=\"lazy\" decoding=\"async\" width=\"128\" height=\"128\" src=\"https:\/\/i0.wp.com\/suenoskc.com\/staging\/3599\/wp-content\/uploads\/2025\/03\/communication.png?resize=128%2C128&#038;ssl=1\" alt=\"\" class=\"wp-image-595\" style=\"width:65px\"\/><\/figure>\n\n\n\n<div class=\"wp-block-group is-vertical is-layout-flex wp-container-core-group-is-layout-8cf370e7 wp-block-group-is-layout-flex\">\n<h4 class=\"wp-block-heading has-text-color has-link-color wp-elements-3168eaf19dfcf261de9a545af1f64097\" style=\"color:#2e4099\">Sesi\u00f3n de Descubrimiento<\/h4>\n\n\n\n<p>Comenzamos con una sesi\u00f3n personalizada para conocer tus metas, tu audiencia, y la visi\u00f3n que tienes para tu sitio web.<\/p>\n<\/div>\n<\/div>\n\n\n\n<div class=\"wp-block-group ss-1 is-nowrap is-layout-flex wp-container-core-group-is-layout-ad2f72ca wp-block-group-is-layout-flex\">\n<figure class=\"wp-block-image size-full is-resized\"><img data-recalc-dims=\"1\" loading=\"lazy\" decoding=\"async\" width=\"128\" height=\"128\" src=\"https:\/\/i0.wp.com\/suenoskc.com\/staging\/3599\/wp-content\/uploads\/2025\/03\/coding-1.png?resize=128%2C128&#038;ssl=1\" alt=\"\" class=\"wp-image-596\" style=\"width:65px\"\/><\/figure>\n\n\n\n<div class=\"wp-block-group is-vertical is-layout-flex wp-container-core-group-is-layout-8cf370e7 wp-block-group-is-layout-flex\">\n<h4 class=\"wp-block-heading\">Dise\u00f1o y Desarrollo Personalizado<\/h4>\n\n\n\n<p>Nuestro equipo dise\u00f1a un sitio \u00fanico que capture la esencia de tu marca y conecte con tus visitantes.<\/p>\n<\/div>\n<\/div>\n\n\n\n<div class=\"wp-block-group ss-1 is-nowrap is-layout-flex wp-container-core-group-is-layout-ad2f72ca wp-block-group-is-layout-flex\">\n<figure class=\"wp-block-image size-full is-resized\"><img data-recalc-dims=\"1\" loading=\"lazy\" decoding=\"async\" width=\"128\" height=\"128\" src=\"https:\/\/i0.wp.com\/suenoskc.com\/staging\/3599\/wp-content\/uploads\/2025\/03\/exam.png?resize=128%2C128&#038;ssl=1\" alt=\"\" class=\"wp-image-625\" style=\"width:65px\"\/><\/figure>\n\n\n\n<div class=\"wp-block-group is-vertical is-layout-flex wp-container-core-group-is-layout-8cf370e7 wp-block-group-is-layout-flex\">\n<h4 class=\"wp-block-heading\">Dos Rondas de Revisiones<\/h4>\n\n\n\n<p>Incluimos dos rondas de ajustes para perfeccionar el dise\u00f1o y la funcionalidad seg\u00fan tus necesidades.<\/p>\n<\/div>\n<\/div>\n\n\n\n<div class=\"wp-block-group ss-1 is-nowrap is-layout-flex wp-container-core-group-is-layout-ad2f72ca wp-block-group-is-layout-flex\">\n<figure class=\"wp-block-image size-full is-resized\"><img data-recalc-dims=\"1\" loading=\"lazy\" decoding=\"async\" width=\"128\" height=\"128\" src=\"https:\/\/i0.wp.com\/suenoskc.com\/staging\/3599\/wp-content\/uploads\/2025\/03\/phone-call-2.png?resize=128%2C128&#038;ssl=1\" alt=\"\" class=\"wp-image-611\" style=\"width:65px\"\/><\/figure>\n\n\n\n<div class=\"wp-block-group is-vertical is-layout-flex wp-container-core-group-is-layout-8cf370e7 wp-block-group-is-layout-flex\">\n<h4 class=\"wp-block-heading\">Soporte Continuo<\/h4>\n\n\n\n<p>Lanzar tu sitio es solo el comienzo. Seguimos contigo ofreciendo mantenimiento y soporte para que tu web crezca contigo.<\/p>\n<\/div>\n<\/div>\n<\/div>\n<\/div>\n\n\n\n<div class=\"wp-block-columns container offerings is-layout-flex wp-container-core-columns-is-layout-9d6595d7 wp-block-columns-is-layout-flex\">\n<div class=\"wp-block-column md-padding is-layout-flow wp-block-column-is-layout-flow\" style=\"flex-basis:40%\">\n<h2 class=\"wp-block-heading primary-purple\">Upgrade &amp; Elevate<\/h2>\n\n\n\n<hr class=\"wp-block-separator has-alpha-channel-opacity styled-hr\"\/>\n<\/div>\n\n\n\n<div class=\"wp-block-column md-padding is-layout-flow wp-block-column-is-layout-flow\" style=\"flex-basis:60%\">\n<p class=\"has-medium-font-size\">\u00bfYa tienes un sitio web pero se siente viejo, lento o simplemente ya no representa qui\u00e9n eres? D\u00e9mosle nueva vida con un redise\u00f1o que refleje qui\u00e9n eres hoy.<\/p>\n\n\n\n<div class=\"wp-block-group ss-1 is-nowrap is-layout-flex wp-container-core-group-is-layout-ad2f72ca wp-block-group-is-layout-flex\">\n<figure class=\"wp-block-image size-full is-resized\"><img data-recalc-dims=\"1\" loading=\"lazy\" decoding=\"async\" width=\"128\" height=\"128\" src=\"https:\/\/i0.wp.com\/suenoskc.com\/staging\/3599\/wp-content\/uploads\/2025\/03\/checklist.png?resize=128%2C128&#038;ssl=1\" alt=\"\" class=\"wp-image-580\" style=\"width:65px\"\/><\/figure>\n\n\n\n<div class=\"wp-block-group is-vertical is-layout-flex wp-container-core-group-is-layout-8cf370e7 wp-block-group-is-layout-flex\">\n<h4 class=\"wp-block-heading\">Sesi\u00f3n de Estrategia<\/h4>\n\n\n\n<p>Analizamos tu sitio actual, tus metas y tu visi\u00f3n para esta nueva etapa. <\/p>\n<\/div>\n<\/div>\n\n\n\n<div class=\"wp-block-group ss-1 is-nowrap is-layout-flex wp-container-core-group-is-layout-ad2f72ca wp-block-group-is-layout-flex\">\n<figure class=\"wp-block-image size-full is-resized\"><img data-recalc-dims=\"1\" loading=\"lazy\" decoding=\"async\" width=\"128\" height=\"128\" src=\"https:\/\/i0.wp.com\/suenoskc.com\/staging\/3599\/wp-content\/uploads\/2025\/03\/lightblub-1.png?resize=128%2C128&#038;ssl=1\" alt=\"\" class=\"wp-image-621\" style=\"width:65px\"\/><\/figure>\n\n\n\n<div class=\"wp-block-group is-vertical is-layout-flex wp-container-core-group-is-layout-8cf370e7 wp-block-group-is-layout-flex\">\n<h4 class=\"wp-block-heading\">Dise\u00f1o Actualizado<\/h4>\n\n\n\n<p>Creamos un dise\u00f1o moderno, funcional y visualmente poderoso que eleve tu presencia en l\u00ednea.<\/p>\n<\/div>\n<\/div>\n\n\n\n<div class=\"wp-block-group ss-1 is-nowrap is-layout-flex wp-container-core-group-is-layout-ad2f72ca wp-block-group-is-layout-flex\">\n<figure class=\"wp-block-image size-full is-resized\"><img data-recalc-dims=\"1\" loading=\"lazy\" decoding=\"async\" width=\"128\" height=\"128\" src=\"https:\/\/i0.wp.com\/suenoskc.com\/staging\/3599\/wp-content\/uploads\/2025\/03\/pencil.png?resize=128%2C128&#038;ssl=1\" alt=\"\" class=\"wp-image-617\" style=\"width:65px\"\/><\/figure>\n\n\n\n<div class=\"wp-block-group is-vertical is-layout-flex wp-container-core-group-is-layout-8cf370e7 wp-block-group-is-layout-flex\">\n<h4 class=\"wp-block-heading\">Una Ronda de Revisiones<\/h4>\n\n\n\n<p>Trabajamos juntos para ajustar cada detalle hasta lograr el resultado perfecto.<\/p>\n<\/div>\n<\/div>\n\n\n\n<div class=\"wp-block-group ss-1 is-nowrap is-layout-flex wp-container-core-group-is-layout-ad2f72ca wp-block-group-is-layout-flex\">\n<figure class=\"wp-block-image size-full is-resized\"><img data-recalc-dims=\"1\" loading=\"lazy\" decoding=\"async\" width=\"128\" height=\"128\" src=\"https:\/\/i0.wp.com\/suenoskc.com\/staging\/3599\/wp-content\/uploads\/2025\/03\/calendar.png?resize=128%2C128&#038;ssl=1\" alt=\"\" class=\"wp-image-630\" style=\"width:65px\"\/><\/figure>\n\n\n\n<div class=\"wp-block-group is-vertical is-layout-flex wp-container-core-group-is-layout-8cf370e7 wp-block-group-is-layout-flex\">\n<h4 class=\"wp-block-heading\">Entrega R\u00e1pida<\/h4>\n\n\n\n<p>En tan solo una semana, tu sitio puede lucir completamente renovado para que sigas creciendo sin pausas.<\/p>\n<\/div>\n<\/div>\n<\/div>\n<\/div>\n\n\n\n<p><\/p>","protected":false},"excerpt":{"rendered":"<p>Build Boldly, Grow Confidently At Sue\u00f1os KC, we specialize in building websites that feel personal, powerful, and full of purpose. Whether you&#8217;re starting your business from scratch or ready to breathe new life into an existing site, we\u2019re here to make the process simple, supportive, and rooted in your goals. We don\u2019t just build websites\u2014we [&hellip;]<\/p>\n","protected":false},"author":3,"featured_media":0,"parent":0,"menu_order":0,"comment_status":"closed","ping_status":"closed","template":"","meta":{"_acf_changed":false,"nf_dc_page":"","_monsterinsights_skip_tracking":false,"_monsterinsights_sitenote_active":false,"_monsterinsights_sitenote_note":"","_monsterinsights_sitenote_category":0,"footnotes":""},"class_list":["post-187","page","type-page","status-publish","hentry"],"acf":[],"yoast_head":"<!-- This site is optimized with the Yoast SEO plugin v27.5 - https:\/\/yoast.com\/product\/yoast-seo-wordpress\/ -->\n<title>Services - Sue\u00f1os KC<\/title>\n<meta name=\"description\" content=\"Need a professional website? Learn about Sue\u00f1os KC&#039;s expert web services, from design to development, helping Kansas City small businesses thrive online.\" \/>\n<meta name=\"robots\" content=\"index, follow, max-snippet:-1, max-image-preview:large, max-video-preview:-1\" \/>\n<link rel=\"canonical\" href=\"https:\/\/suenoskc.com\/staging\/3599\/es\/services\/\" \/>\n<meta property=\"og:locale\" content=\"es_MX\" \/>\n<meta property=\"og:type\" content=\"article\" \/>\n<meta property=\"og:title\" content=\"Services - Sue\u00f1os KC\" \/>\n<meta property=\"og:description\" content=\"Need a professional website? Learn about Sue\u00f1os KC&#039;s expert web services, from design to development, helping Kansas City small businesses thrive online.\" \/>\n<meta property=\"og:url\" content=\"https:\/\/suenoskc.com\/staging\/3599\/es\/services\/\" \/>\n<meta property=\"og:site_name\" content=\"Sue\u00f1os KC\" \/>\n<meta property=\"article:modified_time\" content=\"2025-10-15T02:02:23+00:00\" \/>\n<meta property=\"og:image\" content=\"https:\/\/i0.wp.com\/suenoskc.com\/staging\/3599\/wp-content\/uploads\/2025\/05\/services-development.png?fit=2000%2C2000&ssl=1\" \/>\n\t<meta property=\"og:image:width\" content=\"2000\" \/>\n\t<meta property=\"og:image:height\" content=\"2000\" \/>\n\t<meta property=\"og:image:type\" content=\"image\/png\" \/>\n<meta name=\"twitter:card\" content=\"summary_large_image\" \/>\n<meta name=\"twitter:label1\" content=\"Tiempo de lectura\" \/>\n\t<meta name=\"twitter:data1\" content=\"5 minutos\" \/>\n<script type=\"application\/ld+json\" class=\"yoast-schema-graph\">{\"@context\":\"https:\\\/\\\/schema.org\",\"@graph\":[{\"@type\":\"WebPage\",\"@id\":\"https:\\\/\\\/suenoskc.com\\\/staging\\\/3599\\\/services\\\/\",\"url\":\"https:\\\/\\\/suenoskc.com\\\/staging\\\/3599\\\/services\\\/\",\"name\":\"Services - Sue\u00f1os KC\",\"isPartOf\":{\"@id\":\"https:\\\/\\\/suenoskc.com\\\/#website\"},\"primaryImageOfPage\":{\"@id\":\"https:\\\/\\\/suenoskc.com\\\/staging\\\/3599\\\/services\\\/#primaryimage\"},\"image\":{\"@id\":\"https:\\\/\\\/suenoskc.com\\\/staging\\\/3599\\\/services\\\/#primaryimage\"},\"thumbnailUrl\":\"https:\\\/\\\/i0.wp.com\\\/suenoskc.com\\\/staging\\\/3599\\\/wp-content\\\/uploads\\\/2025\\\/05\\\/services-development.png?fit=640%2C640&amp;ssl=1\",\"datePublished\":\"2025-01-10T21:56:47+00:00\",\"dateModified\":\"2025-10-15T02:02:23+00:00\",\"description\":\"Need a professional website? Learn about Sue\u00f1os KC's expert web services, from design to development, helping Kansas City small businesses thrive online.\",\"breadcrumb\":{\"@id\":\"https:\\\/\\\/suenoskc.com\\\/staging\\\/3599\\\/services\\\/#breadcrumb\"},\"inLanguage\":\"es\",\"potentialAction\":[{\"@type\":\"ReadAction\",\"target\":[\"https:\\\/\\\/suenoskc.com\\\/staging\\\/3599\\\/services\\\/\"]}]},{\"@type\":\"ImageObject\",\"inLanguage\":\"es\",\"@id\":\"https:\\\/\\\/suenoskc.com\\\/staging\\\/3599\\\/services\\\/#primaryimage\",\"url\":\"https:\\\/\\\/i0.wp.com\\\/suenoskc.com\\\/staging\\\/3599\\\/wp-content\\\/uploads\\\/2025\\\/05\\\/services-development.png?fit=640%2C640&amp;ssl=1\",\"contentUrl\":\"https:\\\/\\\/i0.wp.com\\\/suenoskc.com\\\/staging\\\/3599\\\/wp-content\\\/uploads\\\/2025\\\/05\\\/services-development.png?fit=640%2C640&amp;ssl=1\"},{\"@type\":\"BreadcrumbList\",\"@id\":\"https:\\\/\\\/suenoskc.com\\\/staging\\\/3599\\\/services\\\/#breadcrumb\",\"itemListElement\":[{\"@type\":\"ListItem\",\"position\":1,\"name\":\"Home\",\"item\":\"https:\\\/\\\/suenoskc.com\\\/\"},{\"@type\":\"ListItem\",\"position\":2,\"name\":\"Services\"}]},{\"@type\":\"WebSite\",\"@id\":\"https:\\\/\\\/suenoskc.com\\\/#website\",\"url\":\"https:\\\/\\\/suenoskc.com\\\/\",\"name\":\"Sue\u00f1os KC\",\"description\":\"\",\"publisher\":{\"@id\":\"https:\\\/\\\/suenoskc.com\\\/#organization\"},\"potentialAction\":[{\"@type\":\"SearchAction\",\"target\":{\"@type\":\"EntryPoint\",\"urlTemplate\":\"https:\\\/\\\/suenoskc.com\\\/?s={search_term_string}\"},\"query-input\":{\"@type\":\"PropertyValueSpecification\",\"valueRequired\":true,\"valueName\":\"search_term_string\"}}],\"inLanguage\":\"es\"},{\"@type\":\"Organization\",\"@id\":\"https:\\\/\\\/suenoskc.com\\\/#organization\",\"name\":\"Sue\u00f1os KC\",\"url\":\"https:\\\/\\\/suenoskc.com\\\/\",\"logo\":{\"@type\":\"ImageObject\",\"inLanguage\":\"es\",\"@id\":\"https:\\\/\\\/suenoskc.com\\\/#\\\/schema\\\/logo\\\/image\\\/\",\"url\":\"https:\\\/\\\/suenoskc.com\\\/staging\\\/3599\\\/wp-content\\\/uploads\\\/2024\\\/11\\\/skc_logo_vertical.png\",\"contentUrl\":\"https:\\\/\\\/suenoskc.com\\\/staging\\\/3599\\\/wp-content\\\/uploads\\\/2024\\\/11\\\/skc_logo_vertical.png\",\"width\":3344,\"height\":2624,\"caption\":\"Sue\u00f1os KC\"},\"image\":{\"@id\":\"https:\\\/\\\/suenoskc.com\\\/#\\\/schema\\\/logo\\\/image\\\/\"}}]}<\/script>\n<!-- \/ Yoast SEO plugin. -->","yoast_head_json":{"title":"Services - Sue\u00f1os KC","description":"Need a professional website? Learn about Sue\u00f1os KC's expert web services, from design to development, helping Kansas City small businesses thrive online.","robots":{"index":"index","follow":"follow","max-snippet":"max-snippet:-1","max-image-preview":"max-image-preview:large","max-video-preview":"max-video-preview:-1"},"canonical":"https:\/\/suenoskc.com\/staging\/3599\/es\/services\/","og_locale":"es_MX","og_type":"article","og_title":"Services - Sue\u00f1os KC","og_description":"Need a professional website? Learn about Sue\u00f1os KC's expert web services, from design to development, helping Kansas City small businesses thrive online.","og_url":"https:\/\/suenoskc.com\/staging\/3599\/es\/services\/","og_site_name":"Sue\u00f1os KC","article_modified_time":"2025-10-15T02:02:23+00:00","og_image":[{"width":2000,"height":2000,"url":"https:\/\/i0.wp.com\/suenoskc.com\/staging\/3599\/wp-content\/uploads\/2025\/05\/services-development.png?fit=2000%2C2000&ssl=1","type":"image\/png"}],"twitter_card":"summary_large_image","twitter_misc":{"Tiempo de lectura":"5 minutos"},"schema":{"@context":"https:\/\/schema.org","@graph":[{"@type":"WebPage","@id":"https:\/\/suenoskc.com\/staging\/3599\/services\/","url":"https:\/\/suenoskc.com\/staging\/3599\/services\/","name":"Services - Sue\u00f1os KC","isPartOf":{"@id":"https:\/\/suenoskc.com\/#website"},"primaryImageOfPage":{"@id":"https:\/\/suenoskc.com\/staging\/3599\/services\/#primaryimage"},"image":{"@id":"https:\/\/suenoskc.com\/staging\/3599\/services\/#primaryimage"},"thumbnailUrl":"https:\/\/i0.wp.com\/suenoskc.com\/staging\/3599\/wp-content\/uploads\/2025\/05\/services-development.png?fit=640%2C640&amp;ssl=1","datePublished":"2025-01-10T21:56:47+00:00","dateModified":"2025-10-15T02:02:23+00:00","description":"Need a professional website? Learn about Sue\u00f1os KC's expert web services, from design to development, helping Kansas City small businesses thrive online.","breadcrumb":{"@id":"https:\/\/suenoskc.com\/staging\/3599\/services\/#breadcrumb"},"inLanguage":"es","potentialAction":[{"@type":"ReadAction","target":["https:\/\/suenoskc.com\/staging\/3599\/services\/"]}]},{"@type":"ImageObject","inLanguage":"es","@id":"https:\/\/suenoskc.com\/staging\/3599\/services\/#primaryimage","url":"https:\/\/i0.wp.com\/suenoskc.com\/staging\/3599\/wp-content\/uploads\/2025\/05\/services-development.png?fit=640%2C640&amp;ssl=1","contentUrl":"https:\/\/i0.wp.com\/suenoskc.com\/staging\/3599\/wp-content\/uploads\/2025\/05\/services-development.png?fit=640%2C640&amp;ssl=1"},{"@type":"BreadcrumbList","@id":"https:\/\/suenoskc.com\/staging\/3599\/services\/#breadcrumb","itemListElement":[{"@type":"ListItem","position":1,"name":"Home","item":"https:\/\/suenoskc.com\/"},{"@type":"ListItem","position":2,"name":"Services"}]},{"@type":"WebSite","@id":"https:\/\/suenoskc.com\/#website","url":"https:\/\/suenoskc.com\/","name":"Sue\u00f1os KC","description":"","publisher":{"@id":"https:\/\/suenoskc.com\/#organization"},"potentialAction":[{"@type":"SearchAction","target":{"@type":"EntryPoint","urlTemplate":"https:\/\/suenoskc.com\/?s={search_term_string}"},"query-input":{"@type":"PropertyValueSpecification","valueRequired":true,"valueName":"search_term_string"}}],"inLanguage":"es"},{"@type":"Organization","@id":"https:\/\/suenoskc.com\/#organization","name":"Sue\u00f1os KC","url":"https:\/\/suenoskc.com\/","logo":{"@type":"ImageObject","inLanguage":"es","@id":"https:\/\/suenoskc.com\/#\/schema\/logo\/image\/","url":"https:\/\/suenoskc.com\/staging\/3599\/wp-content\/uploads\/2024\/11\/skc_logo_vertical.png","contentUrl":"https:\/\/suenoskc.com\/staging\/3599\/wp-content\/uploads\/2024\/11\/skc_logo_vertical.png","width":3344,"height":2624,"caption":"Sue\u00f1os KC"},"image":{"@id":"https:\/\/suenoskc.com\/#\/schema\/logo\/image\/"}}]}},"jetpack_sharing_enabled":true,"_links":{"self":[{"href":"https:\/\/suenoskc.com\/staging\/3599\/es\/wp-json\/wp\/v2\/pages\/187","targetHints":{"allow":["GET"]}}],"collection":[{"href":"https:\/\/suenoskc.com\/staging\/3599\/es\/wp-json\/wp\/v2\/pages"}],"about":[{"href":"https:\/\/suenoskc.com\/staging\/3599\/es\/wp-json\/wp\/v2\/types\/page"}],"author":[{"embeddable":true,"href":"https:\/\/suenoskc.com\/staging\/3599\/es\/wp-json\/wp\/v2\/users\/3"}],"replies":[{"embeddable":true,"href":"https:\/\/suenoskc.com\/staging\/3599\/es\/wp-json\/wp\/v2\/comments?post=187"}],"version-history":[{"count":21,"href":"https:\/\/suenoskc.com\/staging\/3599\/es\/wp-json\/wp\/v2\/pages\/187\/revisions"}],"predecessor-version":[{"id":824,"href":"https:\/\/suenoskc.com\/staging\/3599\/es\/wp-json\/wp\/v2\/pages\/187\/revisions\/824"}],"wp:attachment":[{"href":"https:\/\/suenoskc.com\/staging\/3599\/es\/wp-json\/wp\/v2\/media?parent=187"}],"curies":[{"name":"wp","href":"https:\/\/api.w.org\/{rel}","templated":true}]}}