{"id":10,"date":"2023-09-26T22:50:06","date_gmt":"2023-09-26T22:50:06","guid":{"rendered":"https:\/\/suenoskc.com\/?page_id=10"},"modified":"2025-08-29T00:59:16","modified_gmt":"2025-08-29T00:59:16","slug":"contact","status":"publish","type":"page","link":"https:\/\/suenoskc.com\/es\/contact\/","title":{"rendered":"Contacto"},"content":{"rendered":"<p class=\"contact-blurb has-text-align-center\">\u00bfTiene alguna consulta o desea conocer m\u00e1s? Comun\u00edquese con nosotros a trav\u00e9s del formulario, o no dude en contactarnos por correo electr\u00f3nico o tel\u00e9fono.<\/p>\n\n\n\n<div class=\"wp-block-columns is-layout-flex wp-container-core-columns-is-layout-9d6595d7 wp-block-columns-is-layout-flex\">\n<div class=\"wp-block-column is-layout-flow wp-block-column-is-layout-flow\" style=\"flex-basis:66.67%\">\n<div style=\"height:19px\" aria-hidden=\"true\" class=\"wp-block-spacer\"><\/div>\n\n\n\n<h2 class=\"wp-block-heading\">Env\u00eda un mensaje<\/h2>\n\n\n\n<div class=\"wpcf7 no-js\" id=\"wpcf7-f759-o1\" lang=\"en-US\" dir=\"ltr\" data-wpcf7-id=\"759\">\n<div class=\"screen-reader-response\"><p role=\"status\" aria-live=\"polite\" aria-atomic=\"true\"><\/p> <ul><\/ul><\/div>\n<form action=\"\/es\/wp-json\/wp\/v2\/pages\/10#wpcf7-f759-o1\" method=\"post\" class=\"wpcf7-form init\" aria-label=\"Contact form\" novalidate=\"novalidate\" data-status=\"init\" data-trp-original-action=\"\/es\/wp-json\/wp\/v2\/pages\/10#wpcf7-f759-o1\">\n<fieldset class=\"hidden-fields-container\"><input type=\"hidden\" name=\"_wpcf7\" value=\"759\" \/><input type=\"hidden\" name=\"_wpcf7_version\" value=\"6.1.5\" \/><input type=\"hidden\" name=\"_wpcf7_locale\" value=\"en_US\" \/><input type=\"hidden\" name=\"_wpcf7_unit_tag\" value=\"wpcf7-f759-o1\" \/><input type=\"hidden\" name=\"_wpcf7_container_post\" value=\"0\" \/><input type=\"hidden\" name=\"_wpcf7_posted_data_hash\" value=\"\" \/><input type=\"hidden\" name=\"_wpcf7_recaptcha_response\" value=\"\" \/>\n<\/fieldset>\n<p><span class=\"wpcf7-form-control-wrap\" data-name=\"your-first-name\"><input size=\"40\" maxlength=\"400\" class=\"wpcf7-form-control wpcf7-text wpcf7-validates-as-required\" autocomplete=\"given-name\" aria-required=\"true\" aria-invalid=\"false\" placeholder=\"Primer Nombre\" value=\"\" type=\"text\" name=\"your-first-name\" \/><\/span>\n<\/p>\n<p><span class=\"wpcf7-form-control-wrap\" data-name=\"your-last-name\"><input size=\"40\" maxlength=\"400\" class=\"wpcf7-form-control wpcf7-text wpcf7-validates-as-required\" autocomplete=\"family-name\" aria-required=\"true\" aria-invalid=\"false\" placeholder=\"Apellido\" value=\"\" type=\"text\" name=\"your-last-name\" \/><\/span>\n<\/p>\n<p><span class=\"wpcf7-form-control-wrap\" data-name=\"your-email\"><input size=\"40\" maxlength=\"400\" class=\"wpcf7-form-control wpcf7-email wpcf7-validates-as-required wpcf7-text wpcf7-validates-as-email\" autocomplete=\"email\" aria-required=\"true\" aria-invalid=\"false\" placeholder=\"Correo Electr\u00f3nico\" value=\"\" type=\"email\" name=\"your-email\" \/><\/span>\n<\/p>\n<p><span class=\"wpcf7-form-control-wrap\" data-name=\"your-message\"><textarea cols=\"40\" rows=\"10\" maxlength=\"2000\" class=\"wpcf7-form-control wpcf7-textarea\" aria-invalid=\"false\" placeholder=\"Mensaje\" name=\"your-message\"><\/textarea><\/span>\n<\/p>\n\n<p><input class=\"wpcf7-form-control wpcf7-submit has-spinner\" type=\"submit\" value=\"Enviar\" \/>\n<\/p><div class=\"wpcf7-response-output\" aria-hidden=\"true\"><\/div>\n<input type=\"hidden\" name=\"trp-form-language\" value=\"es\"\/><\/form>\n<\/div>\n\n<\/div>\n\n\n\n<div class=\"wp-block-column is-layout-flow wp-block-column-is-layout-flow\" style=\"flex-basis:33.32%\">\n<div class=\"wp-block-column is-layout-flow wp-block-column-is-layout-flow\" style=\"flex-basis:33.32%\">\n\n    <h2 class=\"wp-block-heading has-text-align-left\">Cont\u00e1ctanos<\/h2>\n\n    <div class=\"contact-card\">\n\n        <p class=\"contact-entry has-text-align-left\">\n            <img loading=\"lazy\" decoding=\"async\" width=\"128\" height=\"128\" class=\"wp-image-560 contact-icon\" src=\"https:\/\/i0.wp.com\/suenoskc.com\/staging\/3599\/wp-content\/uploads\/2025\/03\/email-2.png\" alt=\"\">\n            <a href=\"mailto:info@suenoskc.com\">info@suenoskc.com<\/a>\n        <\/p>\n\n        <p class=\"contact-entry has-text-align-left\">\n            <img loading=\"lazy\" decoding=\"async\" width=\"128\" height=\"128\" class=\"wp-image-560 contact-icon\" src=\"https:\/\/i0.wp.com\/suenoskc.com\/staging\/3599\/wp-content\/uploads\/2025\/03\/email-2.png\" alt=\"\">\n            <a href=\"mailto:perla.o@suenoskc.com\">perla.o@suenoskc.com<\/a>\n        <\/p>\n\n        <p class=\"contact-entry has-text-align-left\">\n            <img loading=\"lazy\" decoding=\"async\" width=\"128\" height=\"128\" class=\"wp-image-561 contact-icon\" src=\"https:\/\/i0.wp.com\/suenoskc.com\/staging\/3599\/wp-content\/uploads\/2025\/03\/phone-call-1.png\" alt=\"\">\n            <a href=\"tel:8167106201\">(816)710-6201<\/a>\n        <\/p>\n        \n        <p class=\"contact-entry has-text-align-left\">\n            <img loading=\"lazy\" decoding=\"async\" width=\"128\" height=\"128\" class=\"wp-image-560 contact-icon\" src=\"https:\/\/i0.wp.com\/suenoskc.com\/staging\/3599\/wp-content\/uploads\/2025\/03\/email-2.png\" alt=\"\">\n            <a href=\"mailto:crystal.o@suenoskc.com\">crystal.o@suenoskc.com<\/a>\n        <\/p>\n        \n        <p class=\"contact-entry has-text-align-left\">\n            <img loading=\"lazy\" decoding=\"async\" width=\"128\" height=\"128\" class=\"wp-image-561 contact-icon\" src=\"https:\/\/i0.wp.com\/suenoskc.com\/staging\/3599\/wp-content\/uploads\/2025\/03\/phone-call-1.png\" alt=\"\">\n            <a href=\"tel:8167106209\">(816)710-6209<\/a>\n        <\/p>\n\n    <\/div>\n<\/div>\n<\/div>\n<\/div>\n\n\n\n<p class=\"\"><\/p>","protected":false},"excerpt":{"rendered":"<p>Have a question or want to learn more? Reach out to us using the form below, or feel free to contact us via email or phone. Send a Message Get In touch info@suenoskc.com perla.o@suenoskc.com (816)710-6201 crystal.o@suenoskc.com (816)710-6209<\/p>","protected":false},"author":1,"featured_media":0,"parent":0,"menu_order":0,"comment_status":"closed","ping_status":"closed","template":"","meta":{"_acf_changed":false,"nf_dc_page":"","_monsterinsights_skip_tracking":false,"_monsterinsights_sitenote_active":false,"_monsterinsights_sitenote_note":"","_monsterinsights_sitenote_category":0,"footnotes":""},"class_list":["post-10","page","type-page","status-publish","hentry"],"acf":[],"yoast_head":"<!-- This site is optimized with the Yoast SEO plugin v27.5 - https:\/\/yoast.com\/product\/yoast-seo-wordpress\/ -->\n<title>Contact - Sue\u00f1os KC<\/title>\n<meta name=\"description\" content=\"Contact Sue\u00f1os KC to discuss your web development needs! Reach out for modern, user-friendly, and budget-friendly website design and development services.\" \/>\n<meta name=\"robots\" content=\"index, follow, max-snippet:-1, max-image-preview:large, max-video-preview:-1\" \/>\n<link rel=\"canonical\" href=\"https:\/\/suenoskc.com\/es\/staging\/3599\/contact\/\" \/>\n<meta property=\"og:locale\" content=\"es_MX\" \/>\n<meta property=\"og:type\" content=\"article\" \/>\n<meta property=\"og:title\" content=\"Contact - Sue\u00f1os KC\" \/>\n<meta property=\"og:description\" content=\"Contact Sue\u00f1os KC to discuss your web development needs! Reach out for modern, user-friendly, and budget-friendly website design and development services.\" \/>\n<meta property=\"og:url\" content=\"https:\/\/suenoskc.com\/es\/staging\/3599\/contact\/\" \/>\n<meta property=\"og:site_name\" content=\"Sue\u00f1os KC\" \/>\n<meta property=\"article:modified_time\" content=\"2025-08-29T00:59:16+00:00\" \/>\n<meta property=\"og:image\" content=\"https:\/\/i0.wp.com\/suenoskc.com\/wp-content\/uploads\/2025\/03\/email-2.png?fit=128%2C128&ssl=1\" \/>\n\t<meta property=\"og:image:width\" content=\"128\" \/>\n\t<meta property=\"og:image:height\" content=\"128\" \/>\n\t<meta property=\"og:image:type\" content=\"image\/png\" \/>\n<meta name=\"twitter:card\" content=\"summary_large_image\" \/>\n<meta name=\"twitter:label1\" content=\"Est. reading time\" \/>\n\t<meta name=\"twitter:data1\" content=\"2 minutes\" \/>\n<script type=\"application\/ld+json\" class=\"yoast-schema-graph\">{\"@context\":\"https:\\\/\\\/schema.org\",\"@graph\":[{\"@type\":\"WebPage\",\"@id\":\"https:\\\/\\\/suenoskc.com\\\/staging\\\/3599\\\/contact\\\/\",\"url\":\"https:\\\/\\\/suenoskc.com\\\/staging\\\/3599\\\/contact\\\/\",\"name\":\"Contact - Sue\u00f1os KC\",\"isPartOf\":{\"@id\":\"https:\\\/\\\/suenoskc.com\\\/#website\"},\"primaryImageOfPage\":{\"@id\":\"https:\\\/\\\/suenoskc.com\\\/staging\\\/3599\\\/contact\\\/#primaryimage\"},\"image\":{\"@id\":\"https:\\\/\\\/suenoskc.com\\\/staging\\\/3599\\\/contact\\\/#primaryimage\"},\"thumbnailUrl\":\"https:\\\/\\\/i0.wp.com\\\/suenoskc.com\\\/staging\\\/3599\\\/wp-content\\\/uploads\\\/2025\\\/03\\\/email-2.png\",\"datePublished\":\"2023-09-26T22:50:06+00:00\",\"dateModified\":\"2025-08-29T00:59:16+00:00\",\"description\":\"Contact Sue\u00f1os KC to discuss your web development needs! Reach out for modern, user-friendly, and budget-friendly website design and development services.\",\"breadcrumb\":{\"@id\":\"https:\\\/\\\/suenoskc.com\\\/staging\\\/3599\\\/contact\\\/#breadcrumb\"},\"inLanguage\":\"es-MX\",\"potentialAction\":[{\"@type\":\"ReadAction\",\"target\":[\"https:\\\/\\\/suenoskc.com\\\/staging\\\/3599\\\/contact\\\/\"]}]},{\"@type\":\"ImageObject\",\"inLanguage\":\"es-MX\",\"@id\":\"https:\\\/\\\/suenoskc.com\\\/staging\\\/3599\\\/contact\\\/#primaryimage\",\"url\":\"https:\\\/\\\/i0.wp.com\\\/suenoskc.com\\\/staging\\\/3599\\\/wp-content\\\/uploads\\\/2025\\\/03\\\/email-2.png\",\"contentUrl\":\"https:\\\/\\\/i0.wp.com\\\/suenoskc.com\\\/staging\\\/3599\\\/wp-content\\\/uploads\\\/2025\\\/03\\\/email-2.png\"},{\"@type\":\"BreadcrumbList\",\"@id\":\"https:\\\/\\\/suenoskc.com\\\/staging\\\/3599\\\/contact\\\/#breadcrumb\",\"itemListElement\":[{\"@type\":\"ListItem\",\"position\":1,\"name\":\"Home\",\"item\":\"https:\\\/\\\/suenoskc.com\\\/\"},{\"@type\":\"ListItem\",\"position\":2,\"name\":\"Contact\"}]},{\"@type\":\"WebSite\",\"@id\":\"https:\\\/\\\/suenoskc.com\\\/#website\",\"url\":\"https:\\\/\\\/suenoskc.com\\\/\",\"name\":\"Sue\u00f1os KC\",\"description\":\"\",\"publisher\":{\"@id\":\"https:\\\/\\\/suenoskc.com\\\/#organization\"},\"potentialAction\":[{\"@type\":\"SearchAction\",\"target\":{\"@type\":\"EntryPoint\",\"urlTemplate\":\"https:\\\/\\\/suenoskc.com\\\/?s={search_term_string}\"},\"query-input\":{\"@type\":\"PropertyValueSpecification\",\"valueRequired\":true,\"valueName\":\"search_term_string\"}}],\"inLanguage\":\"es-MX\"},{\"@type\":\"Organization\",\"@id\":\"https:\\\/\\\/suenoskc.com\\\/#organization\",\"name\":\"Sue\u00f1os KC\",\"url\":\"https:\\\/\\\/suenoskc.com\\\/\",\"logo\":{\"@type\":\"ImageObject\",\"inLanguage\":\"es-MX\",\"@id\":\"https:\\\/\\\/suenoskc.com\\\/#\\\/schema\\\/logo\\\/image\\\/\",\"url\":\"https:\\\/\\\/suenoskc.com\\\/wp-content\\\/uploads\\\/2024\\\/11\\\/skc_logo_vertical.png\",\"contentUrl\":\"https:\\\/\\\/suenoskc.com\\\/wp-content\\\/uploads\\\/2024\\\/11\\\/skc_logo_vertical.png\",\"width\":3344,\"height\":2624,\"caption\":\"Sue\u00f1os KC\"},\"image\":{\"@id\":\"https:\\\/\\\/suenoskc.com\\\/#\\\/schema\\\/logo\\\/image\\\/\"}}]}<\/script>\n<!-- \/ Yoast SEO plugin. -->","yoast_head_json":{"title":"Contact - Sue\u00f1os KC","description":"Contact Sue\u00f1os KC to discuss your web development needs! Reach out for modern, user-friendly, and budget-friendly website design and development services.","robots":{"index":"index","follow":"follow","max-snippet":"max-snippet:-1","max-image-preview":"max-image-preview:large","max-video-preview":"max-video-preview:-1"},"canonical":"https:\/\/suenoskc.com\/es\/staging\/3599\/contact\/","og_locale":"es_MX","og_type":"article","og_title":"Contact - Sue\u00f1os KC","og_description":"Contact Sue\u00f1os KC to discuss your web development needs! Reach out for modern, user-friendly, and budget-friendly website design and development services.","og_url":"https:\/\/suenoskc.com\/es\/staging\/3599\/contact\/","og_site_name":"Sue\u00f1os KC","article_modified_time":"2025-08-29T00:59:16+00:00","og_image":[{"width":128,"height":128,"url":"https:\/\/i0.wp.com\/suenoskc.com\/wp-content\/uploads\/2025\/03\/email-2.png?fit=128%2C128&ssl=1","type":"image\/png"}],"twitter_card":"summary_large_image","twitter_misc":{"Est. reading time":"2 minutes"},"schema":{"@context":"https:\/\/schema.org","@graph":[{"@type":"WebPage","@id":"https:\/\/suenoskc.com\/staging\/3599\/contact\/","url":"https:\/\/suenoskc.com\/staging\/3599\/contact\/","name":"Contact - Sue\u00f1os KC","isPartOf":{"@id":"https:\/\/suenoskc.com\/#website"},"primaryImageOfPage":{"@id":"https:\/\/suenoskc.com\/staging\/3599\/contact\/#primaryimage"},"image":{"@id":"https:\/\/suenoskc.com\/staging\/3599\/contact\/#primaryimage"},"thumbnailUrl":"https:\/\/i0.wp.com\/suenoskc.com\/staging\/3599\/wp-content\/uploads\/2025\/03\/email-2.png","datePublished":"2023-09-26T22:50:06+00:00","dateModified":"2025-08-29T00:59:16+00:00","description":"Contact Sue\u00f1os KC to discuss your web development needs! Reach out for modern, user-friendly, and budget-friendly website design and development services.","breadcrumb":{"@id":"https:\/\/suenoskc.com\/staging\/3599\/contact\/#breadcrumb"},"inLanguage":"es-MX","potentialAction":[{"@type":"ReadAction","target":["https:\/\/suenoskc.com\/staging\/3599\/contact\/"]}]},{"@type":"ImageObject","inLanguage":"es-MX","@id":"https:\/\/suenoskc.com\/staging\/3599\/contact\/#primaryimage","url":"https:\/\/i0.wp.com\/suenoskc.com\/staging\/3599\/wp-content\/uploads\/2025\/03\/email-2.png","contentUrl":"https:\/\/i0.wp.com\/suenoskc.com\/staging\/3599\/wp-content\/uploads\/2025\/03\/email-2.png"},{"@type":"BreadcrumbList","@id":"https:\/\/suenoskc.com\/staging\/3599\/contact\/#breadcrumb","itemListElement":[{"@type":"ListItem","position":1,"name":"Home","item":"https:\/\/suenoskc.com\/"},{"@type":"ListItem","position":2,"name":"Contact"}]},{"@type":"WebSite","@id":"https:\/\/suenoskc.com\/#website","url":"https:\/\/suenoskc.com\/","name":"Sue\u00f1os KC","description":"","publisher":{"@id":"https:\/\/suenoskc.com\/#organization"},"potentialAction":[{"@type":"SearchAction","target":{"@type":"EntryPoint","urlTemplate":"https:\/\/suenoskc.com\/?s={search_term_string}"},"query-input":{"@type":"PropertyValueSpecification","valueRequired":true,"valueName":"search_term_string"}}],"inLanguage":"es-MX"},{"@type":"Organization","@id":"https:\/\/suenoskc.com\/#organization","name":"Sue\u00f1os KC","url":"https:\/\/suenoskc.com\/","logo":{"@type":"ImageObject","inLanguage":"es-MX","@id":"https:\/\/suenoskc.com\/#\/schema\/logo\/image\/","url":"https:\/\/suenoskc.com\/wp-content\/uploads\/2024\/11\/skc_logo_vertical.png","contentUrl":"https:\/\/suenoskc.com\/wp-content\/uploads\/2024\/11\/skc_logo_vertical.png","width":3344,"height":2624,"caption":"Sue\u00f1os KC"},"image":{"@id":"https:\/\/suenoskc.com\/#\/schema\/logo\/image\/"}}]}},"jetpack_sharing_enabled":true,"_links":{"self":[{"href":"https:\/\/suenoskc.com\/es\/wp-json\/wp\/v2\/pages\/10","targetHints":{"allow":["GET"]}}],"collection":[{"href":"https:\/\/suenoskc.com\/es\/wp-json\/wp\/v2\/pages"}],"about":[{"href":"https:\/\/suenoskc.com\/es\/wp-json\/wp\/v2\/types\/page"}],"author":[{"embeddable":true,"href":"https:\/\/suenoskc.com\/es\/wp-json\/wp\/v2\/users\/1"}],"replies":[{"embeddable":true,"href":"https:\/\/suenoskc.com\/es\/wp-json\/wp\/v2\/comments?post=10"}],"version-history":[{"count":25,"href":"https:\/\/suenoskc.com\/es\/wp-json\/wp\/v2\/pages\/10\/revisions"}],"predecessor-version":[{"id":785,"href":"https:\/\/suenoskc.com\/es\/wp-json\/wp\/v2\/pages\/10\/revisions\/785"}],"wp:attachment":[{"href":"https:\/\/suenoskc.com\/es\/wp-json\/wp\/v2\/media?parent=10"}],"curies":[{"name":"wp","href":"https:\/\/api.w.org\/{rel}","templated":true}]}}